{"id":369,"date":"2022-01-21T15:16:31","date_gmt":"2022-01-21T06:16:31","guid":{"rendered":"https:\/\/nikkeischolarship.org\/pt\/?page_id=369"},"modified":"2022-01-21T15:21:06","modified_gmt":"2022-01-21T06:21:06","slug":"41nozawa","status":"publish","type":"page","link":"https:\/\/nikkeischolarship.org\/pt\/41nozawa\/","title":{"rendered":"41nozawa"},"content":{"rendered":"\n<figure class=\"wp-block-image size-large\"><img loading=\"lazy\" decoding=\"async\" width=\"768\" height=\"1024\" src=\"https:\/\/nikkeischolarship.org\/pt\/wp\/wp-content\/uploads\/2022\/01\/IMG_2334-768x1024.jpeg\" alt=\"\" class=\"wp-image-366\" srcset=\"https:\/\/nikkeischolarship.org\/pt\/wp\/wp-content\/uploads\/2022\/01\/IMG_2334-768x1024.jpeg 768w, https:\/\/nikkeischolarship.org\/pt\/wp\/wp-content\/uploads\/2022\/01\/IMG_2334-225x300.jpeg 225w, https:\/\/nikkeischolarship.org\/pt\/wp\/wp-content\/uploads\/2022\/01\/IMG_2334-1152x1536.jpeg 1152w, https:\/\/nikkeischolarship.org\/pt\/wp\/wp-content\/uploads\/2022\/01\/IMG_2334-1536x2048.jpeg 1536w, https:\/\/nikkeischolarship.org\/pt\/wp\/wp-content\/uploads\/2022\/01\/IMG_2334.jpeg 1832w\" sizes=\"auto, (max-width: 768px) 100vw, 768px\" \/><\/figure>\n\n\n\n<h3 class=\"midashi01 wp-block-heading\">Porque escolhou o Jap\u00e3o para estudar?<\/h3>\n\n\n\n<p>No Jap\u00e3o \u00e9 mais pr\u00e1tico estudar sobre mang\u00e1s e ilustra\u00e7\u00f5es pelo fato de que a tecnologia \u00e9 mais avan\u00e7ada e pela sua facilidade de conseguir equipamentos tecnol\u00f3gicos. <\/p>\n\n\n\n<h3 class=\"midashi01 wp-block-heading\">Como \u00e9 a sua vida no Jap\u00e3o?<\/h3>\n\n\n\n<p>Demorei para me acostumar como clima do Jap\u00e3o. Deveria ter tragido mais rem\u00e9dios do Brasil.\nFoi bom conhecer pessoas de v\u00e1rios pa\u00edses no NFSA tamb\u00e9m. <\/p>\n\n\n\n<h3 class=\"midashi01 wp-block-heading\">Qual \u00e9 a forma de estudos e pesquisas?<\/h3>\n\n\n\n<p>Design de personagens, ilustra\u00e7\u00f5es digitais e anal\u00f3gicos, Sketch, etc&#8230;<\/p>\n\n\n\n<h3 class=\"midashi01 wp-block-heading\">Atrav\u00e9s do estudo no exterior, houve alguma mudan\u00e7a na sua consci\u00eancia como Nikkei? <\/h3>\n\n\n\n<p>No Brasil me identificava como japonesa por\u00e9m, agora n\u00e3o. Me comparei  com os japoneses do Jap\u00e3o e senti que n\u00e3o sou japonesa, por\u00e9m n\u00e3o me sinto com os brasileiros do Brasil tamb\u00e9m, e isso significa para mim que sou Nikkei. <\/p>\n\n\n\n<h3 class=\"midashi01 wp-block-heading\">Por favor conte-nos o seu sonho.<\/h3>\n\n\n\n<p>Gostaria de trabalhar como ilustradora. Quero trabalhar usando as t\u00e9cnicas do Jap\u00e3o.<\/p>\n\n\n\n<h3 class=\"midashi01 wp-block-heading\">Deixe uma mensagem para aqueles que est\u00e3o pensando em estudar no exterior.<\/h3>\n\n\n\n<p>Seri\u00e1 uma \u00f3tima experi\u00eancia estudar no Jap\u00e3o. D\u00e1 para aprender muitas coisas que n\u00e3o se tem oportunidade de estudar no Brasil. (No meu caso, desenhos de estilo mang\u00e1 japon\u00eas)<\/p>\n\n\n\n<figure class=\"wp-block-gallery columns-1 is-cropped wp-block-gallery-1 is-layout-flex wp-block-gallery-is-layout-flex\"><ul class=\"blocks-gallery-grid\"><li class=\"blocks-gallery-item\"><figure><img loading=\"lazy\" decoding=\"async\" width=\"768\" height=\"1024\" src=\"https:\/\/nikkeischolarship.org\/pt\/wp\/wp-content\/uploads\/2022\/01\/IMG_2332-768x1024.jpeg\" alt=\"\" data-id=\"365\" data-full-url=\"https:\/\/nikkeischolarship.org\/pt\/wp\/wp-content\/uploads\/2022\/01\/IMG_2332.jpeg\" data-link=\"https:\/\/nikkeischolarship.org\/pt\/img_2332\/\" class=\"wp-image-365\" srcset=\"https:\/\/nikkeischolarship.org\/pt\/wp\/wp-content\/uploads\/2022\/01\/IMG_2332-768x1024.jpeg 768w, https:\/\/nikkeischolarship.org\/pt\/wp\/wp-content\/uploads\/2022\/01\/IMG_2332-225x300.jpeg 225w, https:\/\/nikkeischolarship.org\/pt\/wp\/wp-content\/uploads\/2022\/01\/IMG_2332-1152x1536.jpeg 1152w, https:\/\/nikkeischolarship.org\/pt\/wp\/wp-content\/uploads\/2022\/01\/IMG_2332-1536x2048.jpeg 1536w, https:\/\/nikkeischolarship.org\/pt\/wp\/wp-content\/uploads\/2022\/01\/IMG_2332.jpeg 1555w\" sizes=\"auto, (max-width: 768px) 100vw, 768px\" \/><\/figure><\/li><\/ul><\/figure>\n","protected":false},"excerpt":{"rendered":"Porque escolhou o Jap\u00e3o para estudar? No Jap\u00e3o \u00e9 mais pr\u00e1tico estudar sobre mang\u00e1s e ilustra\u00e7\u00f5es pel...","protected":false},"author":3,"featured_media":365,"parent":0,"menu_order":0,"comment_status":"closed","ping_status":"closed","template":"","meta":{"footnotes":""},"class_list":["post-369","page","type-page","status-publish","has-post-thumbnail","hentry"],"_links":{"self":[{"href":"https:\/\/nikkeischolarship.org\/pt\/wp-json\/wp\/v2\/pages\/369","targetHints":{"allow":["GET"]}}],"collection":[{"href":"https:\/\/nikkeischolarship.org\/pt\/wp-json\/wp\/v2\/pages"}],"about":[{"href":"https:\/\/nikkeischolarship.org\/pt\/wp-json\/wp\/v2\/types\/page"}],"author":[{"embeddable":true,"href":"https:\/\/nikkeischolarship.org\/pt\/wp-json\/wp\/v2\/users\/3"}],"replies":[{"embeddable":true,"href":"https:\/\/nikkeischolarship.org\/pt\/wp-json\/wp\/v2\/comments?post=369"}],"version-history":[{"count":4,"href":"https:\/\/nikkeischolarship.org\/pt\/wp-json\/wp\/v2\/pages\/369\/revisions"}],"predecessor-version":[{"id":374,"href":"https:\/\/nikkeischolarship.org\/pt\/wp-json\/wp\/v2\/pages\/369\/revisions\/374"}],"wp:featuredmedia":[{"embeddable":true,"href":"https:\/\/nikkeischolarship.org\/pt\/wp-json\/wp\/v2\/media\/365"}],"wp:attachment":[{"href":"https:\/\/nikkeischolarship.org\/pt\/wp-json\/wp\/v2\/media?parent=369"}],"curies":[{"name":"wp","href":"https:\/\/api.w.org\/{rel}","templated":true}]}}