{"id":439,"date":"2025-05-14T16:27:56","date_gmt":"2025-05-14T07:27:56","guid":{"rendered":"https:\/\/nikkeischolarship.org\/pt\/?page_id=439"},"modified":"2025-05-16T14:17:54","modified_gmt":"2025-05-16T05:17:54","slug":"oubo012","status":"publish","type":"page","link":"https:\/\/nikkeischolarship.org\/pt\/oubo012\/","title":{"rendered":"Manual de Inscri\u00e7\u00e3o(2025)"},"content":{"rendered":"\n<h4 class=\"wp-block-heading\">1\uff0eO que \u00e9 o sistema de bolsas para nikkeis da Nippon Foundation?<\/h4>\n\n\n\n<p class=\"has-small-font-size\">O presente projeto tem como objetivo oferecer uma oportunidade a jovens descendentes de japoneses de realizar sonhos e projetos que contribuam para o desenvolvimento de seu pa\u00eds e da sociedade local, visando tamb\u00e9m promover um maior n\u00edvel de entendimento entre o Jap\u00e3o e seu pa\u00eds de origem atrav\u00e9s da bolsa de estudos no Jap\u00e3o.<\/p>\n\n\n\n<h4 class=\"wp-block-heading\">2\uff0eRequisitos necess\u00e1rios<\/h4>\n\n\n\n<p class=\"has-small-font-size\">(1) Ser descendente de japoneses (nacionalidade, escolaridade e experi\u00eancia no Jap\u00e3o n\u00e3o s\u00e3o requeridos).<br>(2) Idade, de 18 at\u00e9 35 anos (Por regra)<br>(3) Aqueles com recomenda\u00e7\u00e3o da associa\u00e7\u00e3o nikkei local em princ\u00edpio.<br>(4) Aqueles que queiram adquirir conhecimentos especializados, para ap\u00f3s a gradua\u00e7\u00e3o, aplicarem em seu pa\u00eds de resid\u00eancia ou comunidade.<br>(5) Aqueles que desejem atuar como um elo entre o Jap\u00e3o e seu pa\u00eds<br>(6) Pessoas que participem ativamente das iniciativas promovidas pelos estagi\u00e1rios e das iniciativas que contribuem para a sociedade.<\/p>\n\n\n\n<h4 class=\"wp-block-heading\">3\uff0ePa\u00edses<\/h4>\n\n\n\n<p class=\"has-small-font-size\">Am\u00e9rica do Norte e Am\u00e9rica Latina (EUA, Canad\u00e1, Argentina, Bol\u00edvia, Brasil, Chile, Col\u00f4mbia, Rep\u00fablica Dominicana, M\u00e9xico, Paraguai, Peru, Uruguai, Venezuela, etc.) e Sudeste Asi\u00e1tico (Filipinas, Indon\u00e9sia)<\/p>\n\n\n\n<h4 class=\"wp-block-heading\"> 4\uff0eN\u00famero de vagas<\/h4>\n\n\n\n<p class=\"has-small-font-size\">Aproximadamente 30 vagas<\/p>\n\n\n\n<h4 class=\"wp-block-heading\"> 5\uff0ePer\u00edodo de Inscri\u00e7\u00e3o<\/h4>\n\n\n\n<p class=\"has-small-font-size\">19 de maio de 2025 a 31 de julho de 2025<\/p>\n\n\n\n<h4 class=\"wp-block-heading\"> 6\uff0eProcesso de Sele\u00e7\u00e3o<\/h4>\n\n\n\n<p class=\"has-small-font-size\">(1) Primeira fase: An\u00e1lise dos documentos os ultimos 10 dias de agosto<br>(2) Segunda fase: Entrevista ser\u00e1 entre a os ultimos10 dias de setembro e nos primeiros10 dias de outubro<br>(3) Resultado final: Os ultimos 10 dias de outubro<br>\u3000*O cronograma das decis\u00f5es de sele\u00e7\u00e3o e resultado final est\u00e1 sujeito a altera\u00e7\u00f5es.<\/p>\n\n\n\n<h4 class=\"wp-block-heading\"> 7\uff0eDivulga\u00e7\u00e3o do Resultado<\/h4>\n\n\n\n<p class=\"has-small-font-size\">Ser\u00e1 enviado aviso de aprova\u00e7\u00e3o ou reprova\u00e7\u00e3o para todos que se inscreverem. O resultado n\u00e3o ser\u00e1 fornecido atrav\u00e9s de outros meios.<\/p>\n\n\n\n<h4 class=\"wp-block-heading\"> 8\uff0eInstitui\u00e7\u00f5es de ensino<\/h4>\n\n\n\n<p class=\"has-small-font-size\">N\u00e3o est\u00e3o estabelecidas. Cada um dever\u00e1 escolher a sua entidade e efetuar a negocia\u00e7\u00e3o para a inscri\u00e7\u00e3o.<br>As escolas da l\u00edngua japonesa, no entanto, dever\u00e3o ter a nossa indica\u00e7\u00e3o.<\/p>\n\n\n\n<p class=\"has-small-font-size\">(1) Se a institui\u00e7\u00e3o onde ser\u00e1 realizado o est\u00e1gio (p\u00f3s-gradua\u00e7\u00e3o ou gradua\u00e7\u00e3o) a partir de 1\u00ba de abril de 2026 estiver definida, apresentar a \u201cCarta Informal de Consentimento de Ingresso\u201d. Se n\u00e3o for poss\u00edvel obt\u00ea-la at\u00e9 a inscri\u00e7\u00e3o, mencionar o nome da institui\u00e7\u00e3o pretendida no \u201cPlano de Est\u00e1gio\u201d. Em ambos os casos, apresentar o \u201cCertificado de Autoriza\u00e7\u00e3o de Ingresso\u201d at\u00e9 o final de mar\u00e7o de 2026.<br>(2) Se for necess\u00e1rio, a partir de 1\u00ba de abril de 2026, o bolsista passa a frequentar escola de l\u00edngua japonesa e nesse per\u00edodo dever\u00e1, por conta pr\u00f3pria, realizar as negocia\u00e7\u00f5es para ingresso ou prestar os exames para a institui\u00e7\u00e3o desejada. Se esta n\u00e3o for definida at\u00e9 o final de mar\u00e7o de 2027, a bolsa ser\u00e1 cancelada.<\/p>\n\n\n\n<h4 class=\"wp-block-heading\">9\uff0eDetalhes do que ser\u00e1 oferecido ao bolsista<\/h4>\n\n\n\n<p class=\"has-small-font-size\">(1) Passagem a\u00e9rea de ida e volta<br>(2) Despesas escolares como taxas de exames, aulas, matr\u00edculas determinados pela escola<br>(3) Subs\u00eddio para despesas gerais: \u00a5140.000 por m\u00eas, subs\u00eddio para habita\u00e7\u00e3o: aluguel at\u00e9 \u00a550.000 por m\u00eas \/ luva at\u00e9 \u00a5200.000, passe escolar, seguro m\u00e9dico (previd\u00eancia m\u00fatua), etc.<br>(4) Despesas para participa\u00e7\u00e3o em est\u00e1gios coletivos, etc.<\/p>\n\n\n\n<h4 class=\"wp-block-heading\">10\uff0eDura\u00e7\u00e3o da Bolsa de Estudos<\/h4>\n\n\n\n<p class=\"has-small-font-size\">No m\u00e1ximo 5 anos. Por\u00e9m, em caso de repet\u00eancia ou viola\u00e7\u00e3o dos princ\u00edpios da bolsa, a mesma ser\u00e1 cancelada.<\/p>\n\n\n\n<h4 class=\"wp-block-heading\">11\uff0eProfici\u00eancia da L\u00edngua Japonesa<\/h4>\n\n\n\n<p class=\"has-small-font-size\">\u00c9 necess\u00e1rio n\u00edvel de l\u00edngua japonesa suficiente para viver o cotidiano sem dificuldades e acompanhar as aulas na institui\u00e7\u00e3o onde ser\u00e1 realizado o estagi\u00e1rio (Se o estagi\u00e1rio desejar, pode fazer um curso de japon\u00eas com dura\u00e7\u00e3o de 6 meses a 1 ano).<\/p>\n\n\n\n<h4 class=\"wp-block-heading\">12\uff0eDocumentos necess\u00e1rios para a inscri\u00e7\u00e3o<\/h4>\n\n\n\n<p class=\"has-very-dark-gray-color has-text-color has-small-font-size\">Os documentos abaixo dever\u00e3o ser enviados para esta Associa\u00e7\u00e3o por e-mail o at\u00e9 o dia 31 de julho.<br>Consulte a p\u00e1gina de downloads para obter o endere\u00e7o de e-mail para o qual voc\u00ea deve enviar sua inscri\u00e7\u00e3o. N\u00e3o nos responsabilizaremos pelo envio \u00e0 outros endere\u00e7os.<\/p>\n\n\n\n<p class=\"has-very-dark-gray-color has-text-color has-small-font-size\">(1) Curr\u00edculum Vitae para Inscri\u00e7\u00e3o ( Form 1-A \u2022 Form 1-B) * Envie os dados inseridos no arquivo PDF. Notas manuscritas n\u00e3o s\u00e3o permitidas.<br>(2) Foto(4.5cm\u00d73.5cm)<br>(3) Reda\u00e7\u00e3o ( Form 2 ) * Envie os dados inseridos no arquivo PDF. Notas manuscritas n\u00e3o s\u00e3o permitidas.<br>(4) Plano de Est\u00e1gio ( Form 3 ) * Envie os dados inseridos no arquivo PDF. Notas manuscritas n\u00e3o s\u00e3o permitidas.<br>(5) Carta Informal de Consentimento de Ingresso ( Form 4 ) Opcional. S\u00f3 aqueles que j\u00e1 tiverem a institui\u00e7\u00e3o de ensino definida.<br>(6) Auto-relato do hist\u00f3rico m\u00e9dico ( Form 5 )<br>(7) Carta de Recomenda\u00e7\u00e3o da Associa\u00e7\u00e3o Nikkei ( Form 6 ) *Submeter em princ\u00edpio.<br>(8) Confirma\u00e7\u00e3o de Inten\u00e7\u00e3o ( Form 7)<br>(9) Certificado de Conclus\u00e3o de Curso (ou de matr\u00edcula) com a devida tradu\u00e7\u00e3o<\/p>\n\n\n\n<h4 class=\"wp-block-heading\">13\uff0eObserva\u00e7\u00f5es importantes<\/h4>\n\n\n\n<p class=\"has-very-dark-gray-color has-text-color has-small-font-size\">(1) Os documentos acima podem estar na l\u00edngua do pa\u00eds de origem.<br>(2) A reda\u00e7\u00e3o (Form 2) deve ser redigida dentro do espa\u00e7o especificado.<br>(3) Dever\u00e3o ser fornecidos os dados de originais escaneados dos seguintes documentos (N\u00e3o ser\u00e3o aceitas c\u00f3pias):Carta Informal de Consentimento de Ingresso, Hist\u00f3rico M\u00e9dico, Carta de Recomenda\u00e7\u00e3o da Associa\u00e7\u00e3o Nikkei, Confirma\u00e7\u00e3o de Inten\u00e7\u00e3o.<br>(4) Sobre o Certificado de Conclus\u00e3o de Curso: se a escola n\u00e3o fornecer o certificado, pode-se apresentar uma c\u00f3pia autenticada do diploma.<br>(5) Os documentos de inscri\u00e7\u00e3o recebidos n\u00e3o ser\u00e3o devolvidos por nenhum motivo.<br>(6) No caso de irregularidades ou falta de documentos, a inscri\u00e7\u00e3o ser\u00e1 recusada mesmo que eles sejam enviados no prazo.<\/p>\n\n\n\n<p style=\"padding-left:2em\"><a href=\"https:\/\/jadesas.or.jp\/pt\/scholar_entry_agreement\/\"><img loading=\"lazy\" decoding=\"async\" class=\"alignnone wp-image-544 size-medium\" src=\"https:\/\/nikkeischolarship.org\/pt\/wp\/wp-content\/uploads\/2020\/01\/ApplicationDL_pt.png\" alt=\"\" width=\"300\" height=\"51\"><\/a><\/p>\n\n\n\n<p style=\"padding-left:2em\">\n<font size=\"2\" color=\"red\">\n*Antes ser\u00e1 preciso preencher um registro online para efetuar o download\n<br>\n*O preenchimento do pedido n\u00e3o implica na inscri\u00e7\u00e3o para a bolsa.\nPara efetuar a inscri\u00e7\u00e3o corretamente \u00e9 necess\u00e1rio enviar todos os documentos solicitados.\n<br>\n*AVISO: Devido a alguma falha no sistema, recebemos v\u00e1rias mensagens de pessoas que fizeram o registro atrav\u00e9s do Gmail e n\u00e3o receberam o link para o downlod dos formul\u00e1rios.  Por favor verificarem a pasta do SPAM pois pode ter sido classificado como mensagem indevida, e SE mesmo assim, n\u00e3o tiver recebido, por favor entre em contato(veja &#8220;Para mais informa\u00e7\u00f5es&#8221; abaixo para detalhes de contato).\n<\/font><\/p>\n\n\n\n<h4 class=\"wp-block-heading\">14\uff0eInforma\u00e7\u00f5es de contato<\/h4>\n\n\n\n<p class=\"has-small-font-size\">2-3-1, Shinko, Naka-ku, Yokohama-shi, Kanagawa, 231-0001, Jap\u00e3o<br> JICA Yokohama 2F<br> &#8220;Kaigai Nikkeijin Kyokai \/ Nikkei Scholarship&#8221;<br> TEL :045-211-1788\u3000\u3000FAX : 045-211-1781<br> <a href=\"https:\/\/jadesas.or.jp\/pt\/agreement-scholar\/\">Para mais informa\u00e7\u00f5es<\/a><\/p>\n\n\n\n<p><\/p>\n","protected":false},"excerpt":{"rendered":"1\uff0eO que \u00e9 o sistema de bolsas para nikkeis da Nippon Foundation? O presente projeto tem como objetiv...","protected":false},"author":4,"featured_media":0,"parent":0,"menu_order":0,"comment_status":"closed","ping_status":"closed","template":"","meta":{"footnotes":""},"class_list":["post-439","page","type-page","status-publish","hentry"],"_links":{"self":[{"href":"https:\/\/nikkeischolarship.org\/pt\/wp-json\/wp\/v2\/pages\/439","targetHints":{"allow":["GET"]}}],"collection":[{"href":"https:\/\/nikkeischolarship.org\/pt\/wp-json\/wp\/v2\/pages"}],"about":[{"href":"https:\/\/nikkeischolarship.org\/pt\/wp-json\/wp\/v2\/types\/page"}],"author":[{"embeddable":true,"href":"https:\/\/nikkeischolarship.org\/pt\/wp-json\/wp\/v2\/users\/4"}],"replies":[{"embeddable":true,"href":"https:\/\/nikkeischolarship.org\/pt\/wp-json\/wp\/v2\/comments?post=439"}],"version-history":[{"count":8,"href":"https:\/\/nikkeischolarship.org\/pt\/wp-json\/wp\/v2\/pages\/439\/revisions"}],"predecessor-version":[{"id":453,"href":"https:\/\/nikkeischolarship.org\/pt\/wp-json\/wp\/v2\/pages\/439\/revisions\/453"}],"wp:attachment":[{"href":"https:\/\/nikkeischolarship.org\/pt\/wp-json\/wp\/v2\/media?parent=439"}],"curies":[{"name":"wp","href":"https:\/\/api.w.org\/{rel}","templated":true}]}}